{"id":21,"date":"2025-02-23T11:57:52","date_gmt":"2025-02-23T11:57:52","guid":{"rendered":"https:\/\/www.veterka.cz\/wordpress\/contact\/"},"modified":"2025-04-05T11:10:51","modified_gmt":"2025-04-05T11:10:51","slug":"contact","status":"publish","type":"page","link":"https:\/\/www.veterka.cz\/wordpress\/contact\/","title":{"rendered":"Kontakt"},"content":{"rendered":"<p><\/p><p>Kontakt pro dotazy: info@veterka.cz<\/p><p><\/p><p>MVDr. Tereza Ka\u0148ov\u00e1<\/p><p>Vedena v seznamu veterin\u00e1rn\u00edch l\u00e9ka\u0159\u016f \u010cR pod \u010d\u00edslem 6187<\/p><p>I\u010cO: 02052105<\/p><p>Husova 1465\/9b, Kop\u0159ivnice 742 21<\/p><p>Ordina\u010dn\u00ed doba: pond\u011bl\u00ed-p\u00e1tek 14:00-16:00 po p\u0159edchoz\u00ed domluv\u011b: odkaz na rezerva\u010dn\u00ed syst\u00e9m: <a href=\"http:\/\/reenio.cz\/cs\/redirect\/reservationpage\/20883\" target=\"_blank\" rel=\"noreferrer noopener\">vytvo\u0159it novou rezervaci term\u00ednu<\/a><\/p><figure class=\"wp-block-image size-full\"><a href=\"https:\/\/mapy.cz\/zakladni?source=addr&amp;id=14104389&amp;ds=1&amp;x=18.1528453&amp;y=49.5905388&amp;z=17\" target=\"_blank\" rel=\" noreferrer noopener\"><img loading=\"lazy\" decoding=\"async\" width=\"884\" height=\"855\" src=\"https:\/\/www.veterka.cz\/wordpress\/wp-content\/uploads\/2025\/03\/Mapka.jpg\" alt=\"Mapa - Husova 1465\/9b, Kop\u0159ivnice\" class=\"wp-image-144\" srcset=\"https:\/\/www.veterka.cz\/wordpress\/wp-content\/uploads\/2025\/03\/Mapka.jpg 884w, https:\/\/www.veterka.cz\/wordpress\/wp-content\/uploads\/2025\/03\/Mapka-300x290.jpg 300w, https:\/\/www.veterka.cz\/wordpress\/wp-content\/uploads\/2025\/03\/Mapka-768x743.jpg 768w, https:\/\/www.veterka.cz\/wordpress\/wp-content\/uploads\/2025\/03\/Mapka-600x580.jpg 600w\" sizes=\"auto, (max-width: 884px) 100vw, 884px\" \/><\/a><\/figure><p><\/p>","protected":false},"excerpt":{"rendered":"<p>Kontakt pro dotazy: info@veterka.cz MVDr. Tereza Ka\u0148ov\u00e1 Vedena v seznamu veterin\u00e1rn\u00edch l\u00e9ka\u0159\u016f \u010cR pod \u010d\u00edslem 6187 I\u010cO: 02052105 Husova 1465\/9b, Kop\u0159ivnice 742 21 Ordina\u010dn\u00ed doba: pond\u011bl\u00ed-p\u00e1tek 14:00-16:00 po p\u0159edchoz\u00ed domluv\u011b: odkaz na rezerva\u010dn\u00ed syst\u00e9m: vytvo\u0159it novou rezervaci term\u00ednu<\/p>\n","protected":false},"author":1,"featured_media":0,"parent":0,"menu_order":0,"comment_status":"closed","ping_status":"closed","template":"no-title","meta":{"footnotes":""},"class_list":["post-21","page","type-page","status-publish","hentry"],"aioseo_notices":[],"_links":{"self":[{"href":"https:\/\/www.veterka.cz\/wordpress\/wp-json\/wp\/v2\/pages\/21","targetHints":{"allow":["GET"]}}],"collection":[{"href":"https:\/\/www.veterka.cz\/wordpress\/wp-json\/wp\/v2\/pages"}],"about":[{"href":"https:\/\/www.veterka.cz\/wordpress\/wp-json\/wp\/v2\/types\/page"}],"author":[{"embeddable":true,"href":"https:\/\/www.veterka.cz\/wordpress\/wp-json\/wp\/v2\/users\/1"}],"replies":[{"embeddable":true,"href":"https:\/\/www.veterka.cz\/wordpress\/wp-json\/wp\/v2\/comments?post=21"}],"version-history":[{"count":15,"href":"https:\/\/www.veterka.cz\/wordpress\/wp-json\/wp\/v2\/pages\/21\/revisions"}],"predecessor-version":[{"id":205,"href":"https:\/\/www.veterka.cz\/wordpress\/wp-json\/wp\/v2\/pages\/21\/revisions\/205"}],"wp:attachment":[{"href":"https:\/\/www.veterka.cz\/wordpress\/wp-json\/wp\/v2\/media?parent=21"}],"curies":[{"name":"wp","href":"https:\/\/api.w.org\/{rel}","templated":true}]}}